{"id":8684,"date":"2016-11-12T15:46:00","date_gmt":"2016-11-12T15:46:00","guid":{"rendered":"https:\/\/stage.kseal.com\/?page_id=8684"},"modified":"2018-12-31T14:43:36","modified_gmt":"2018-12-31T14:43:36","slug":"16-2","status":"publish","type":"page","link":"https:\/\/stage.kseal.com\/de\/16-2","title":{"rendered":"Sofort weiterfahren"},"content":{"rendered":"<h2>Sparen Sie Geld mit K-Seal<\/h2>\n<p>Keine Notwendigkeit, das System zu entleeren oder sich Sorgen dar\u00fcber zu machen, welche Art von Frostschutzmittel im K\u00fchlsystem ist; einfach nur sch\u00fctteln, eingie\u00dfen und weiterfahren!<\/p>\n<p>K-Seal ist ein einstufiges permanentes Mehrzwecksystem f\u00fcr die Reparatur von K\u00fchl- und Schmierstofflecks. Weltweit werden bis heute mehr als 6 Millionen Flaschen verkauft. Es repariert permanent Lecks in Kopf, Zylinderkopfdichtung, Motorblock, K\u00fchler, Heizungsmatrix, Froststopfen und Wasserpumpengeh\u00e4use.<\/p>\n<p>Kfz-Mechatroniker und Ingenieure vertrauen K-Seal. Es eignet sich f\u00fcr alle wassergek\u00fchlten Motoren, einschlie\u00dflich Autos, Motorr\u00e4der, Nutzfahrzeuge und schwere Maschinen.<\/p>\n<p><!-- TrustBox script --><br \/>\n<script type=\"text\/javascript\" src=\"\/\/widget.trustpilot.com\/bootstrap\/v5\/tp.widget.bootstrap.min.js\" async=\"\"><\/script><br \/>\n<!-- End Trustbox script --><br \/>\n<!-- TrustBox widget - List --><\/p>\n<div class=\"trustpilot-widget\" data-locale=\"en-GB\" data-template-id=\"539ad60defb9600b94d7df2c\" data-businessunit-id=\"58cabc1f0000ff00059e9ae6\" data-style-height=\"500px\" data-style-width=\"100%\" data-theme=\"light\" data-stars=\"5\"><a href=\"https:\/\/uk.trustpilot.com\/review\/stage.kseal.com\" target=\"_blank\" rel=\"noopener\">Trustpilot<\/a><\/div>\n<p><!-- End TrustBox widget --><\/p>\n","protected":false},"excerpt":{"rendered":"<p>Sparen Sie Geld mit K-Seal Keine Notwendigkeit, das System zu entleeren oder sich Sorgen dar\u00fcber zu machen, welche Art von Frostschutzmittel im K\u00fchlsystem ist; einfach nur sch\u00fctteln, eingie\u00dfen und weiterfahren! K-Seal ist ein einstufiges permanentes Mehrzwecksystem f\u00fcr die Reparatur von K\u00fchl- und Schmierstofflecks. Weltweit werden bis heute mehr als 6 Millionen Flaschen verkauft. Es repariert<\/p>\n","protected":false},"author":1,"featured_media":0,"parent":0,"menu_order":-1,"comment_status":"closed","ping_status":"closed","template":"","meta":{"footnotes":""},"acf":[],"yoast_head":"<!-- This site is optimized with the Yoast SEO plugin v17.8 - https:\/\/yoast.com\/wordpress\/plugins\/seo\/ -->\n<meta name=\"description\" content=\"K-Seal is the one-step permanent repair for all engine coolant leaks. It could save you thousands in garage fees! Over 5 million bottles sold worldwide.\" \/>\n<meta name=\"robots\" content=\"noindex, follow, max-snippet:-1, max-image-preview:large, max-video-preview:-1\" \/>\n<meta property=\"og:locale\" content=\"en_US\" \/>\n<meta property=\"og:type\" content=\"article\" \/>\n<meta property=\"og:title\" content=\"K-Seal: Permanent Repair for Coolant, Head Gasket &amp; Radiator Leaks\" \/>\n<meta property=\"og:description\" content=\"K-Seal is the one-step permanent repair for all engine coolant leaks. It could save you thousands in garage fees! Over 5 million bottles sold worldwide.\" \/>\n<meta property=\"og:url\" content=\"https:\/\/stage.kseal.com\/de\" \/>\n<meta property=\"og:site_name\" content=\"K-Seal\u00ae\" \/>\n<meta property=\"article:publisher\" content=\"https:\/\/www.facebook.com\/MrKSeal\" \/>\n<meta property=\"article:modified_time\" content=\"2018-12-31T14:43:36+00:00\" \/>\n<meta name=\"twitter:card\" content=\"summary\" \/>\n<meta name=\"twitter:site\" content=\"@mrkseal\" \/>\n<!-- \/ Yoast SEO plugin. -->","yoast_head_json":{"description":"K-Seal is the one-step permanent repair for all engine coolant leaks. It could save you thousands in garage fees! Over 5 million bottles sold worldwide.","robots":{"index":"noindex","follow":"follow","max-snippet":"max-snippet:-1","max-image-preview":"max-image-preview:large","max-video-preview":"max-video-preview:-1"},"og_locale":"en_US","og_type":"article","og_title":"K-Seal: Permanent Repair for Coolant, Head Gasket & Radiator Leaks","og_description":"K-Seal is the one-step permanent repair for all engine coolant leaks. It could save you thousands in garage fees! Over 5 million bottles sold worldwide.","og_url":"https:\/\/stage.kseal.com\/de","og_site_name":"K-Seal\u00ae","article_publisher":"https:\/\/www.facebook.com\/MrKSeal","article_modified_time":"2018-12-31T14:43:36+00:00","twitter_card":"summary","twitter_site":"@mrkseal","schema":{"@context":"https:\/\/schema.org","@graph":[{"@type":"WebSite","@id":"https:\/\/stage.kseal.com\/#website","url":"https:\/\/stage.kseal.com\/","name":"K-Seal\u00ae","description":"Permanent Coolant Leak Repair","potentialAction":[{"@type":"SearchAction","target":{"@type":"EntryPoint","urlTemplate":"https:\/\/stage.kseal.com\/?s={search_term_string}"},"query-input":"required name=search_term_string"}],"inLanguage":"en-US"},{"@type":"WebPage","@id":"https:\/\/stage.kseal.com\/de#webpage","url":"https:\/\/stage.kseal.com\/de","name":"K-Seal: Permanent Repair for Coolant, Head Gasket & Radiator Leaks","isPartOf":{"@id":"https:\/\/stage.kseal.com\/#website"},"datePublished":"2016-11-12T15:46:00+00:00","dateModified":"2018-12-31T14:43:36+00:00","description":"K-Seal is the one-step permanent repair for all engine coolant leaks. It could save you thousands in garage fees! Over 5 million bottles sold worldwide.","breadcrumb":{"@id":"https:\/\/stage.kseal.com\/de#breadcrumb"},"inLanguage":"en-US","potentialAction":[{"@type":"ReadAction","target":["https:\/\/stage.kseal.com\/de"]}]},{"@type":"BreadcrumbList","@id":"https:\/\/stage.kseal.com\/de#breadcrumb","itemListElement":[{"@type":"ListItem","position":1,"name":"Home","item":"https:\/\/stage.kseal.com\/"},{"@type":"ListItem","position":2,"name":"Sofort weiterfahren"}]}]}},"_links":{"self":[{"href":"https:\/\/stage.kseal.com\/de\/wp-json\/wp\/v2\/pages\/8684"}],"collection":[{"href":"https:\/\/stage.kseal.com\/de\/wp-json\/wp\/v2\/pages"}],"about":[{"href":"https:\/\/stage.kseal.com\/de\/wp-json\/wp\/v2\/types\/page"}],"author":[{"embeddable":true,"href":"https:\/\/stage.kseal.com\/de\/wp-json\/wp\/v2\/users\/1"}],"replies":[{"embeddable":true,"href":"https:\/\/stage.kseal.com\/de\/wp-json\/wp\/v2\/comments?post=8684"}],"version-history":[{"count":6,"href":"https:\/\/stage.kseal.com\/de\/wp-json\/wp\/v2\/pages\/8684\/revisions"}],"predecessor-version":[{"id":11325,"href":"https:\/\/stage.kseal.com\/de\/wp-json\/wp\/v2\/pages\/8684\/revisions\/11325"}],"wp:attachment":[{"href":"https:\/\/stage.kseal.com\/de\/wp-json\/wp\/v2\/media?parent=8684"}],"curies":[{"name":"wp","href":"https:\/\/api.w.org\/{rel}","templated":true}]}}