{"id":8689,"date":"2018-11-13T10:48:47","date_gmt":"2018-11-13T10:48:47","guid":{"rendered":"https:\/\/stage.kseal.com\/?page_id=8689"},"modified":"2024-07-13T23:37:33","modified_gmt":"2024-07-13T22:37:33","slug":"k-seal","status":"publish","type":"page","link":"https:\/\/stage.kseal.com\/de\/k-seal","title":{"rendered":"K-Seal\u00ae DE"},"content":{"rendered":"<div class=\"page\" title=\"Page 1\">\n<div class=\"section\">\n<div class=\"layoutArea\">\n<div class=\"column\">\n<div class=\"page\" title=\"Page 1\">\n<div class=\"section\">\n<div class=\"layoutArea\">\n<div class=\"column\">\n<h2>DE Dauerhafte Leckreparatur mit K-Seal<\/h2>\n<\/div>\n<\/div>\n<\/div>\n<\/div>\n<p class=\"Body\">DE Lecks im K\u00fchler m\u00fcssen nicht zu kostspieligen Reparaturrechnungen f\u00fchren \u2013 einfach K-Seal in Ihr K\u00fchlmittelsystem hinzuf\u00fcgen, um eine schnelle und dauerhafte L\u00f6sung zu erzielen. K-Seal ist wissenschaftlich getestet, Millionen von Kunden vertrauen K-Seal weltweit. Der gr\u00f6\u00dfte Automobilclub AA in England verwendet exklusiv K-Seal f\u00fcr Lecks im Motorsystem.<\/p>\n<h3 class=\"Body\">einfach einf\u00fcllen und weiterfahren<\/h3>\n<p class=\"Body\">K-Seal kann wirklich jeder anwenden. Sch\u00fctteln Sie einfach die Flasche, f\u00fcgen Sie die Fl\u00fcssigkeit in Ihr K\u00fchlmittelsystem und starten Sie Ihren Motor wie gewohnt. Die K-Seal Fl\u00fcssigkeit mit der einzigartigen Formel sucht Lecks und Risse. Diese werden dauerhaft versiegelt, ohne dass sich dies nachteilig auf die Funktion ihrer Motork\u00fchlung auswirkt.<\/p>\n<\/div>\n<\/div>\n<\/div>\n<\/div>\n<p><!-- TrustBox script --><br \/>\n<script type=\"text\/javascript\" src=\"\/\/widget.trustpilot.com\/bootstrap\/v5\/tp.widget.bootstrap.min.js\" async><\/script><br \/>\n<!-- End Trustbox script --><br \/>\n<!-- TrustBox widget - List --><\/p>\n<div class=\"trustpilot-widget\" data-locale=\"en-GB\" data-template-id=\"539ad60defb9600b94d7df2c\" data-businessunit-id=\"58cabc1f0000ff00059e9ae6\" data-style-height=\"500px\" data-style-width=\"100%\" data-theme=\"light\" data-stars=\"5\"><a href=\"https:\/\/uk.trustpilot.com\/review\/stage.kseal.com\" target=\"_blank\" rel=\"noopener\">Trustpilot<\/a><\/div>\n<p><!-- End TrustBox widget --><\/p>\n","protected":false},"excerpt":{"rendered":"<p>DE Dauerhafte Leckreparatur mit K-Seal DE Lecks im K\u00fchler m\u00fcssen nicht zu kostspieligen Reparaturrechnungen f\u00fchren \u2013 einfach K-Seal in Ihr K\u00fchlmittelsystem hinzuf\u00fcgen, um eine schnelle und dauerhafte L\u00f6sung zu erzielen. K-Seal ist wissenschaftlich getestet, Millionen von Kunden vertrauen K-Seal weltweit. Der gr\u00f6\u00dfte Automobilclub AA in England verwendet exklusiv K-Seal f\u00fcr Lecks im Motorsystem. einfach einf\u00fcllen<\/p>\n","protected":false},"author":3,"featured_media":11552,"parent":0,"menu_order":1,"comment_status":"closed","ping_status":"closed","template":"","meta":{"footnotes":""},"acf":[],"yoast_head":"<!-- This site is optimized with the Yoast SEO plugin v17.8 - https:\/\/yoast.com\/wordpress\/plugins\/seo\/ -->\n<meta name=\"robots\" content=\"noindex, follow, max-snippet:-1, max-image-preview:large, max-video-preview:-1\" \/>\n<meta property=\"og:locale\" content=\"en_US\" \/>\n<meta property=\"og:type\" content=\"article\" \/>\n<meta property=\"og:title\" content=\"K-Seal\u00ae DE - K-Seal\u00ae\" \/>\n<meta property=\"og:description\" content=\"DE Dauerhafte Leckreparatur mit K-Seal DE Lecks im K\u00fchler m\u00fcssen nicht zu kostspieligen Reparaturrechnungen f\u00fchren \u2013 einfach K-Seal in Ihr K\u00fchlmittelsystem hinzuf\u00fcgen, um eine schnelle und dauerhafte L\u00f6sung zu erzielen. K-Seal ist wissenschaftlich getestet, Millionen von Kunden vertrauen K-Seal weltweit. Der gr\u00f6\u00dfte Automobilclub AA in England verwendet exklusiv K-Seal f\u00fcr Lecks im Motorsystem. einfach einf\u00fcllen\" \/>\n<meta property=\"og:url\" content=\"https:\/\/stage.kseal.com\/de\/k-seal\" \/>\n<meta property=\"og:site_name\" content=\"K-Seal\u00ae\" \/>\n<meta property=\"article:publisher\" content=\"https:\/\/www.facebook.com\/MrKSeal\" \/>\n<meta property=\"article:modified_time\" content=\"2024-07-13T22:37:33+00:00\" \/>\n<meta property=\"og:image\" content=\"https:\/\/stage.kseal.com\/wp-content\/uploads\/2016\/11\/product-big-k-seal.png\" \/>\n\t<meta property=\"og:image:width\" content=\"301\" \/>\n\t<meta property=\"og:image:height\" content=\"382\" \/>\n<meta name=\"twitter:card\" content=\"summary\" \/>\n<meta name=\"twitter:site\" content=\"@mrkseal\" \/>\n<meta name=\"twitter:label1\" content=\"Est. reading time\" \/>\n\t<meta name=\"twitter:data1\" content=\"1 minute\" \/>\n<!-- \/ Yoast SEO plugin. -->","yoast_head_json":{"robots":{"index":"noindex","follow":"follow","max-snippet":"max-snippet:-1","max-image-preview":"max-image-preview:large","max-video-preview":"max-video-preview:-1"},"og_locale":"en_US","og_type":"article","og_title":"K-Seal\u00ae DE - K-Seal\u00ae","og_description":"DE Dauerhafte Leckreparatur mit K-Seal DE Lecks im K\u00fchler m\u00fcssen nicht zu kostspieligen Reparaturrechnungen f\u00fchren \u2013 einfach K-Seal in Ihr K\u00fchlmittelsystem hinzuf\u00fcgen, um eine schnelle und dauerhafte L\u00f6sung zu erzielen. K-Seal ist wissenschaftlich getestet, Millionen von Kunden vertrauen K-Seal weltweit. Der gr\u00f6\u00dfte Automobilclub AA in England verwendet exklusiv K-Seal f\u00fcr Lecks im Motorsystem. einfach einf\u00fcllen","og_url":"https:\/\/stage.kseal.com\/de\/k-seal","og_site_name":"K-Seal\u00ae","article_publisher":"https:\/\/www.facebook.com\/MrKSeal","article_modified_time":"2024-07-13T22:37:33+00:00","og_image":[{"width":301,"height":382,"url":"https:\/\/stage.kseal.com\/wp-content\/uploads\/2016\/11\/product-big-k-seal.png","type":"image\/png"}],"twitter_card":"summary","twitter_site":"@mrkseal","twitter_misc":{"Est. reading time":"1 minute"},"schema":{"@context":"https:\/\/schema.org","@graph":[{"@type":"WebSite","@id":"https:\/\/stage.kseal.com\/#website","url":"https:\/\/stage.kseal.com\/","name":"K-Seal\u00ae","description":"Permanent Coolant Leak Repair","potentialAction":[{"@type":"SearchAction","target":{"@type":"EntryPoint","urlTemplate":"https:\/\/stage.kseal.com\/?s={search_term_string}"},"query-input":"required name=search_term_string"}],"inLanguage":"en-US"},{"@type":"ImageObject","@id":"https:\/\/stage.kseal.com\/de\/k-seal#primaryimage","inLanguage":"en-US","url":"https:\/\/stage.kseal.com\/wp-content\/uploads\/2016\/11\/product-big-k-seal.png","contentUrl":"https:\/\/stage.kseal.com\/wp-content\/uploads\/2016\/11\/product-big-k-seal.png","width":301,"height":382},{"@type":"WebPage","@id":"https:\/\/stage.kseal.com\/de\/k-seal#webpage","url":"https:\/\/stage.kseal.com\/de\/k-seal","name":"K-Seal\u00ae DE - K-Seal\u00ae","isPartOf":{"@id":"https:\/\/stage.kseal.com\/#website"},"primaryImageOfPage":{"@id":"https:\/\/stage.kseal.com\/de\/k-seal#primaryimage"},"datePublished":"2018-11-13T10:48:47+00:00","dateModified":"2024-07-13T22:37:33+00:00","breadcrumb":{"@id":"https:\/\/stage.kseal.com\/de\/k-seal#breadcrumb"},"inLanguage":"en-US","potentialAction":[{"@type":"ReadAction","target":["https:\/\/stage.kseal.com\/de\/k-seal"]}]},{"@type":"BreadcrumbList","@id":"https:\/\/stage.kseal.com\/de\/k-seal#breadcrumb","itemListElement":[{"@type":"ListItem","position":1,"name":"Home","item":"https:\/\/stage.kseal.com\/"},{"@type":"ListItem","position":2,"name":"K-Seal\u00ae DE"}]}]}},"_links":{"self":[{"href":"https:\/\/stage.kseal.com\/de\/wp-json\/wp\/v2\/pages\/8689"}],"collection":[{"href":"https:\/\/stage.kseal.com\/de\/wp-json\/wp\/v2\/pages"}],"about":[{"href":"https:\/\/stage.kseal.com\/de\/wp-json\/wp\/v2\/types\/page"}],"author":[{"embeddable":true,"href":"https:\/\/stage.kseal.com\/de\/wp-json\/wp\/v2\/users\/3"}],"replies":[{"embeddable":true,"href":"https:\/\/stage.kseal.com\/de\/wp-json\/wp\/v2\/comments?post=8689"}],"version-history":[{"count":3,"href":"https:\/\/stage.kseal.com\/de\/wp-json\/wp\/v2\/pages\/8689\/revisions"}],"predecessor-version":[{"id":19466,"href":"https:\/\/stage.kseal.com\/de\/wp-json\/wp\/v2\/pages\/8689\/revisions\/19466"}],"wp:featuredmedia":[{"embeddable":true,"href":"https:\/\/stage.kseal.com\/de\/wp-json\/wp\/v2\/media\/11552"}],"wp:attachment":[{"href":"https:\/\/stage.kseal.com\/de\/wp-json\/wp\/v2\/media?parent=8689"}],"curies":[{"name":"wp","href":"https:\/\/api.w.org\/{rel}","templated":true}]}}