{"id":8815,"date":"2018-11-13T12:10:38","date_gmt":"2018-11-13T12:10:38","guid":{"rendered":"https:\/\/stage.kseal.com\/?page_id=8815"},"modified":"2018-12-05T10:04:59","modified_gmt":"2018-12-05T10:04:59","slug":"k-seal-hd","status":"publish","type":"page","link":"https:\/\/stage.kseal.com\/de\/k-seal-hd","title":{"rendered":"K-Seal\u00ae HD"},"content":{"rendered":"<div class=\"page\" title=\"Page 1\">\n<div class=\"section\">\n<div class=\"layoutArea\">\n<div class=\"column\">\n<h2>Dauerhafte K\u00fchler Leck Reparatur f\u00fcr gro\u00dfe Motoren mit K-Seal HD<\/h2>\n<\/div>\n<\/div>\n<\/div>\n<\/div>\n<p>Vermeiden Sie kostspielige Reparaturrechnungen und lange Standzeiten des Kfz mit K-Seal HD; die einfache und dauerhafte L\u00f6sung f\u00fcr Lecks im Motor-K\u00fchlsystem.<\/p>\n<p>K-Seal HD verschlie\u00dft die meisten Lecks in wassergek\u00fchlten Motoren und ist speziell f\u00fcr LKW, Traktoren, schwere Anlagen und viele andere Nutzfahrzeuge konzipiert. Es ist mischbar mit allen K\u00fchlmitteln, Frostschutzmitteln und Zusatzstoffen. Sie k\u00f6nnen bedenkenlos K-Seal HD verwenden.<\/p>\n<p>Mit K-Seal HD ist es nicht n\u00f6tig, das Fahrzeug in die Werkstatt zu bringen \u2013 einfach einf\u00fcllen und weiterfahren. Die wissenschaftlich gepr\u00fcfte Formel von K-Seal HD, die keramische Mikrofasern und Kupfer Partikel enth\u00e4lt, findet Risse und Lecks und verschlie\u00dft diese. Die Reparaturstelle h\u00e4lt mindestens so lange wie der Motor.<\/p>\n<p><!-- End TrustBox widget --><\/p>\n","protected":false},"excerpt":{"rendered":"<p>Dauerhafte K\u00fchler Leck Reparatur f\u00fcr gro\u00dfe Motoren mit K-Seal HD Vermeiden Sie kostspielige Reparaturrechnungen und lange Standzeiten des Kfz mit K-Seal HD; die einfache und dauerhafte L\u00f6sung f\u00fcr Lecks im Motor-K\u00fchlsystem. K-Seal HD verschlie\u00dft die meisten Lecks in wassergek\u00fchlten Motoren und ist speziell f\u00fcr LKW, Traktoren, schwere Anlagen und viele andere Nutzfahrzeuge konzipiert. Es ist<\/p>\n","protected":false},"author":3,"featured_media":0,"parent":0,"menu_order":0,"comment_status":"closed","ping_status":"closed","template":"","meta":{"footnotes":""},"acf":[],"yoast_head":"<!-- This site is optimized with the Yoast SEO plugin v17.8 - https:\/\/yoast.com\/wordpress\/plugins\/seo\/ -->\n<meta name=\"robots\" content=\"noindex, follow, max-snippet:-1, max-image-preview:large, max-video-preview:-1\" \/>\n<meta property=\"og:locale\" content=\"en_US\" \/>\n<meta property=\"og:type\" content=\"article\" \/>\n<meta property=\"og:title\" content=\"K-Seal\u00ae HD - K-Seal\u00ae\" \/>\n<meta property=\"og:description\" content=\"Dauerhafte K\u00fchler Leck Reparatur f\u00fcr gro\u00dfe Motoren mit K-Seal HD Vermeiden Sie kostspielige Reparaturrechnungen und lange Standzeiten des Kfz mit K-Seal HD; die einfache und dauerhafte L\u00f6sung f\u00fcr Lecks im Motor-K\u00fchlsystem. K-Seal HD verschlie\u00dft die meisten Lecks in wassergek\u00fchlten Motoren und ist speziell f\u00fcr LKW, Traktoren, schwere Anlagen und viele andere Nutzfahrzeuge konzipiert. Es ist\" \/>\n<meta property=\"og:url\" content=\"https:\/\/stage.kseal.com\/de\/k-seal-hd\" \/>\n<meta property=\"og:site_name\" content=\"K-Seal\u00ae\" \/>\n<meta property=\"article:publisher\" content=\"https:\/\/www.facebook.com\/MrKSeal\" \/>\n<meta property=\"article:modified_time\" content=\"2018-12-05T10:04:59+00:00\" \/>\n<meta name=\"twitter:card\" content=\"summary\" \/>\n<meta name=\"twitter:site\" content=\"@mrkseal\" \/>\n<meta name=\"twitter:label1\" content=\"Est. reading time\" \/>\n\t<meta name=\"twitter:data1\" content=\"1 minute\" \/>\n<!-- \/ Yoast SEO plugin. -->","yoast_head_json":{"robots":{"index":"noindex","follow":"follow","max-snippet":"max-snippet:-1","max-image-preview":"max-image-preview:large","max-video-preview":"max-video-preview:-1"},"og_locale":"en_US","og_type":"article","og_title":"K-Seal\u00ae HD - K-Seal\u00ae","og_description":"Dauerhafte K\u00fchler Leck Reparatur f\u00fcr gro\u00dfe Motoren mit K-Seal HD Vermeiden Sie kostspielige Reparaturrechnungen und lange Standzeiten des Kfz mit K-Seal HD; die einfache und dauerhafte L\u00f6sung f\u00fcr Lecks im Motor-K\u00fchlsystem. K-Seal HD verschlie\u00dft die meisten Lecks in wassergek\u00fchlten Motoren und ist speziell f\u00fcr LKW, Traktoren, schwere Anlagen und viele andere Nutzfahrzeuge konzipiert. Es ist","og_url":"https:\/\/stage.kseal.com\/de\/k-seal-hd","og_site_name":"K-Seal\u00ae","article_publisher":"https:\/\/www.facebook.com\/MrKSeal","article_modified_time":"2018-12-05T10:04:59+00:00","twitter_card":"summary","twitter_site":"@mrkseal","twitter_misc":{"Est. reading time":"1 minute"},"schema":{"@context":"https:\/\/schema.org","@graph":[{"@type":"WebSite","@id":"https:\/\/stage.kseal.com\/#website","url":"https:\/\/stage.kseal.com\/","name":"K-Seal\u00ae","description":"Permanent Coolant Leak Repair","potentialAction":[{"@type":"SearchAction","target":{"@type":"EntryPoint","urlTemplate":"https:\/\/stage.kseal.com\/?s={search_term_string}"},"query-input":"required name=search_term_string"}],"inLanguage":"en-US"},{"@type":"WebPage","@id":"https:\/\/stage.kseal.com\/de\/k-seal-hd#webpage","url":"https:\/\/stage.kseal.com\/de\/k-seal-hd","name":"K-Seal\u00ae HD - K-Seal\u00ae","isPartOf":{"@id":"https:\/\/stage.kseal.com\/#website"},"datePublished":"2018-11-13T12:10:38+00:00","dateModified":"2018-12-05T10:04:59+00:00","breadcrumb":{"@id":"https:\/\/stage.kseal.com\/de\/k-seal-hd#breadcrumb"},"inLanguage":"en-US","potentialAction":[{"@type":"ReadAction","target":["https:\/\/stage.kseal.com\/de\/k-seal-hd"]}]},{"@type":"BreadcrumbList","@id":"https:\/\/stage.kseal.com\/de\/k-seal-hd#breadcrumb","itemListElement":[{"@type":"ListItem","position":1,"name":"Home","item":"https:\/\/stage.kseal.com\/"},{"@type":"ListItem","position":2,"name":"K-Seal\u00ae HD"}]}]}},"_links":{"self":[{"href":"https:\/\/stage.kseal.com\/de\/wp-json\/wp\/v2\/pages\/8815"}],"collection":[{"href":"https:\/\/stage.kseal.com\/de\/wp-json\/wp\/v2\/pages"}],"about":[{"href":"https:\/\/stage.kseal.com\/de\/wp-json\/wp\/v2\/types\/page"}],"author":[{"embeddable":true,"href":"https:\/\/stage.kseal.com\/de\/wp-json\/wp\/v2\/users\/3"}],"replies":[{"embeddable":true,"href":"https:\/\/stage.kseal.com\/de\/wp-json\/wp\/v2\/comments?post=8815"}],"version-history":[{"count":2,"href":"https:\/\/stage.kseal.com\/de\/wp-json\/wp\/v2\/pages\/8815\/revisions"}],"predecessor-version":[{"id":8941,"href":"https:\/\/stage.kseal.com\/de\/wp-json\/wp\/v2\/pages\/8815\/revisions\/8941"}],"wp:attachment":[{"href":"https:\/\/stage.kseal.com\/de\/wp-json\/wp\/v2\/media?parent=8815"}],"curies":[{"name":"wp","href":"https:\/\/api.w.org\/{rel}","templated":true}]}}